{"id":18333,"date":"2023-01-27T18:05:25","date_gmt":"2023-01-27T10:05:25","guid":{"rendered":"https:\/\/hemlinegreen.com\/de\/product\/spulen-singer-2\/"},"modified":"2026-01-20T15:13:33","modified_gmt":"2026-01-20T07:13:33","slug":"120-14","status":"publish","type":"product","link":"https:\/\/hemlinegreen.com\/de\/product\/120-14\/","title":{"rendered":"Spulen Singer"},"content":{"rendered":"<p>Drop-in-Typ. Passend f\u00fcr alle N\u00e4hmaschinen von Singer mit Top-Loading-Spulensystem. Mit Ausnahme von Modellen mit automatischen Aufspulspulen, f\u00fcr diese Maschinentypen siehe Kategorienummer 120.15. Kunststoffspulen k\u00f6nnen die urspr\u00fcnglich mit der N\u00e4hmaschine gelieferten Metallspulen ersetzen.<\/p>\n","protected":false},"excerpt":{"rendered":"<p>Drop-in-Typ. Passend f\u00fcr alle N\u00e4hmaschinen von Singer mit Top-Loading-Spulensystem. Mit Ausnahme von Modellen mit automatischen Aufspulspulen, f\u00fcr diese Maschinentypen siehe Kategorienummer 120.15. Kunststoffspulen k\u00f6nnen die urspr\u00fcnglich mit der N\u00e4hmaschine gelieferten Metallspulen ersetzen.<\/p>\n","protected":false},"featured_media":19070,"template":"","meta":{"om_disable_all_campaigns":false,"_mi_skip_tracking":false},"product_cat":[12181],"product_tag":[12180],"aioseo_notices":[],"_links":{"self":[{"href":"https:\/\/hemlinegreen.com\/de\/wp-json\/wp\/v2\/product\/18333"}],"collection":[{"href":"https:\/\/hemlinegreen.com\/de\/wp-json\/wp\/v2\/product"}],"about":[{"href":"https:\/\/hemlinegreen.com\/de\/wp-json\/wp\/v2\/types\/product"}],"wp:featuredmedia":[{"embeddable":true,"href":"https:\/\/hemlinegreen.com\/de\/wp-json\/wp\/v2\/media\/19070"}],"wp:attachment":[{"href":"https:\/\/hemlinegreen.com\/de\/wp-json\/wp\/v2\/media?parent=18333"}],"wp:term":[{"taxonomy":"product_cat","embeddable":true,"href":"https:\/\/hemlinegreen.com\/de\/wp-json\/wp\/v2\/product_cat?post=18333"},{"taxonomy":"product_tag","embeddable":true,"href":"https:\/\/hemlinegreen.com\/de\/wp-json\/wp\/v2\/product_tag?post=18333"}],"curies":[{"name":"wp","href":"https:\/\/api.w.org\/{rel}","templated":true}]}}