{"id":18360,"date":"2023-01-27T18:05:37","date_gmt":"2023-01-27T10:05:37","guid":{"rendered":"https:\/\/hemlinegreen.com\/de\/product\/sticknadeln-ohne-spitze-24-26\/"},"modified":"2023-03-14T14:42:24","modified_gmt":"2023-03-14T06:42:24","slug":"sticknadeln-ohne-spitze-24-26","status":"publish","type":"product","link":"https:\/\/hemlinegreen.com\/de\/product\/sticknadeln-ohne-spitze-24-26\/","title":{"rendered":"Sticknadeln ohne Spitze 24-26"},"content":{"rendered":"<p>Sticknadeln ohne Spitze. Diese Sticknadeln haben eine stumpfe Spitze, um N\u00e4hstoffe nicht zu besch\u00e4digen, und ein l\u00e4ngeres Nadel\u00f6hr, um dickere Garne leichter einzuf\u00e4deln.<\/p>\n","protected":false},"excerpt":{"rendered":"<p>Sticknadeln ohne Spitze. Diese Sticknadeln haben eine stumpfe Spitze, um N\u00e4hstoffe nicht zu besch\u00e4digen, und ein l\u00e4ngeres Nadel\u00f6hr, um dickere Garne leichter einzuf\u00e4deln.<\/p>\n","protected":false},"featured_media":13777,"template":"","meta":{"om_disable_all_campaigns":false,"_mi_skip_tracking":false},"product_cat":[12210],"product_tag":[12209],"aioseo_notices":[],"_links":{"self":[{"href":"https:\/\/hemlinegreen.com\/de\/wp-json\/wp\/v2\/product\/18360"}],"collection":[{"href":"https:\/\/hemlinegreen.com\/de\/wp-json\/wp\/v2\/product"}],"about":[{"href":"https:\/\/hemlinegreen.com\/de\/wp-json\/wp\/v2\/types\/product"}],"wp:featuredmedia":[{"embeddable":true,"href":"https:\/\/hemlinegreen.com\/de\/wp-json\/wp\/v2\/media\/13777"}],"wp:attachment":[{"href":"https:\/\/hemlinegreen.com\/de\/wp-json\/wp\/v2\/media?parent=18360"}],"wp:term":[{"taxonomy":"product_cat","embeddable":true,"href":"https:\/\/hemlinegreen.com\/de\/wp-json\/wp\/v2\/product_cat?post=18360"},{"taxonomy":"product_tag","embeddable":true,"href":"https:\/\/hemlinegreen.com\/de\/wp-json\/wp\/v2\/product_tag?post=18360"}],"curies":[{"name":"wp","href":"https:\/\/api.w.org\/{rel}","templated":true}]}}