{"id":18448,"date":"2023-01-27T18:06:19","date_gmt":"2023-01-27T10:06:19","guid":{"rendered":"https:\/\/hemlinegreen.com\/de\/product\/sicherheitsnadeln-verschiedene-grosen\/"},"modified":"2023-03-14T14:42:43","modified_gmt":"2023-03-14T06:42:43","slug":"sicherheitsnadeln-verschiedene-grosen","status":"publish","type":"product","link":"https:\/\/hemlinegreen.com\/de\/product\/sicherheitsnadeln-verschiedene-grosen\/","title":{"rendered":"Sicherheitsnadeln &#8211; Verschiedene Gr\u00f6\u00dfen"},"content":{"rendered":"<p>Verschiedene Gr\u00f6\u00dfen. Vernickelter Stahl. Hochwertig, langlebig. Hochwertige Sicherheitsnadeln im wiederverwendbaren Vorratsbeh\u00e4lter.<\/p>\n","protected":false},"excerpt":{"rendered":"<p>Verschiedene Gr\u00f6\u00dfen. Vernickelter Stahl. Hochwertig, langlebig. Hochwertige Sicherheitsnadeln im wiederverwendbaren Vorratsbeh\u00e4lter.<\/p>\n","protected":false},"featured_media":13953,"template":"","meta":{"om_disable_all_campaigns":false,"_mi_skip_tracking":false},"product_cat":[12305],"product_tag":[12306],"aioseo_notices":[],"_links":{"self":[{"href":"https:\/\/hemlinegreen.com\/de\/wp-json\/wp\/v2\/product\/18448"}],"collection":[{"href":"https:\/\/hemlinegreen.com\/de\/wp-json\/wp\/v2\/product"}],"about":[{"href":"https:\/\/hemlinegreen.com\/de\/wp-json\/wp\/v2\/types\/product"}],"wp:featuredmedia":[{"embeddable":true,"href":"https:\/\/hemlinegreen.com\/de\/wp-json\/wp\/v2\/media\/13953"}],"wp:attachment":[{"href":"https:\/\/hemlinegreen.com\/de\/wp-json\/wp\/v2\/media?parent=18448"}],"wp:term":[{"taxonomy":"product_cat","embeddable":true,"href":"https:\/\/hemlinegreen.com\/de\/wp-json\/wp\/v2\/product_cat?post=18448"},{"taxonomy":"product_tag","embeddable":true,"href":"https:\/\/hemlinegreen.com\/de\/wp-json\/wp\/v2\/product_tag?post=18448"}],"curies":[{"name":"wp","href":"https:\/\/api.w.org\/{rel}","templated":true}]}}