{"id":18462,"date":"2023-01-27T18:06:28","date_gmt":"2023-01-27T10:06:28","guid":{"rendered":"https:\/\/hemlinegreen.com\/de\/product\/druckknopfe-8\/"},"modified":"2023-03-14T14:42:45","modified_gmt":"2023-03-14T06:42:45","slug":"druckknopfe-8","status":"publish","type":"product","link":"https:\/\/hemlinegreen.com\/de\/product\/druckknopfe-8\/","title":{"rendered":"Druckkn\u00f6pfe"},"content":{"rendered":"<p>Messing, Korrosionsbest\u00e4ndig. Zentrales F\u00fchrungsloch an beiden Teilen f\u00fcr perfekte Ausrichtung. N\u00fctzlich f\u00fcr M\u00f6bel und Mode (420.30).<\/p>\n","protected":false},"excerpt":{"rendered":"<p>Messing, Korrosionsbest\u00e4ndig. Zentrales F\u00fchrungsloch an beiden Teilen f\u00fcr perfekte Ausrichtung. N\u00fctzlich f\u00fcr M\u00f6bel und Mode (420.30).<\/p>\n","protected":false},"featured_media":13981,"template":"","meta":{"om_disable_all_campaigns":false,"_mi_skip_tracking":false},"product_cat":[12311],"product_tag":[12310],"aioseo_notices":[],"_links":{"self":[{"href":"https:\/\/hemlinegreen.com\/de\/wp-json\/wp\/v2\/product\/18462"}],"collection":[{"href":"https:\/\/hemlinegreen.com\/de\/wp-json\/wp\/v2\/product"}],"about":[{"href":"https:\/\/hemlinegreen.com\/de\/wp-json\/wp\/v2\/types\/product"}],"wp:featuredmedia":[{"embeddable":true,"href":"https:\/\/hemlinegreen.com\/de\/wp-json\/wp\/v2\/media\/13981"}],"wp:attachment":[{"href":"https:\/\/hemlinegreen.com\/de\/wp-json\/wp\/v2\/media?parent=18462"}],"wp:term":[{"taxonomy":"product_cat","embeddable":true,"href":"https:\/\/hemlinegreen.com\/de\/wp-json\/wp\/v2\/product_cat?post=18462"},{"taxonomy":"product_tag","embeddable":true,"href":"https:\/\/hemlinegreen.com\/de\/wp-json\/wp\/v2\/product_tag?post=18462"}],"curies":[{"name":"wp","href":"https:\/\/api.w.org\/{rel}","templated":true}]}}