{"id":18518,"date":"2023-01-27T18:07:01","date_gmt":"2023-01-27T10:07:01","guid":{"rendered":"https:\/\/hemlinegreen.com\/de\/product\/schmal-elastik\/"},"modified":"2023-03-14T14:42:55","modified_gmt":"2023-03-14T06:42:55","slug":"schmal-elastik","status":"publish","type":"product","link":"https:\/\/hemlinegreen.com\/de\/product\/schmal-elastik\/","title":{"rendered":"Schmal Elastik"},"content":{"rendered":"<p>Geflochten &#8211; 3mm. Das geflochtene Elastik ist ein beliebtes Allzweck-Elastik, da es stark und langlebig ist. Es wird haupts\u00e4chlich mit Stoffh\u00fcllen verwendet, kann aber auch f\u00fcr Badebekleidung verwendet werden. <\/p>\n","protected":false},"excerpt":{"rendered":"<p>Geflochten &#8211; 3mm. Das geflochtene Elastik ist ein beliebtes Allzweck-Elastik, da es stark und langlebig ist. Es wird haupts\u00e4chlich mit Stoffh\u00fcllen verwendet, kann aber auch f\u00fcr Badebekleidung verwendet werden.<\/p>\n","protected":false},"featured_media":14093,"template":"","meta":{"om_disable_all_campaigns":false,"_mi_skip_tracking":false},"product_cat":[12341],"product_tag":[12340],"aioseo_notices":[],"_links":{"self":[{"href":"https:\/\/hemlinegreen.com\/de\/wp-json\/wp\/v2\/product\/18518"}],"collection":[{"href":"https:\/\/hemlinegreen.com\/de\/wp-json\/wp\/v2\/product"}],"about":[{"href":"https:\/\/hemlinegreen.com\/de\/wp-json\/wp\/v2\/types\/product"}],"wp:featuredmedia":[{"embeddable":true,"href":"https:\/\/hemlinegreen.com\/de\/wp-json\/wp\/v2\/media\/14093"}],"wp:attachment":[{"href":"https:\/\/hemlinegreen.com\/de\/wp-json\/wp\/v2\/media?parent=18518"}],"wp:term":[{"taxonomy":"product_cat","embeddable":true,"href":"https:\/\/hemlinegreen.com\/de\/wp-json\/wp\/v2\/product_cat?post=18518"},{"taxonomy":"product_tag","embeddable":true,"href":"https:\/\/hemlinegreen.com\/de\/wp-json\/wp\/v2\/product_tag?post=18518"}],"curies":[{"name":"wp","href":"https:\/\/api.w.org\/{rel}","templated":true}]}}