{"id":18529,"date":"2023-01-27T18:07:05","date_gmt":"2023-01-27T10:07:05","guid":{"rendered":"https:\/\/hemlinegreen.com\/de\/product\/standard-elastik-7\/"},"modified":"2023-03-14T14:42:56","modified_gmt":"2023-03-14T06:42:56","slug":"standard-elastik-7","status":"publish","type":"product","link":"https:\/\/hemlinegreen.com\/de\/product\/standard-elastik-7\/","title":{"rendered":"Standard Elastik"},"content":{"rendered":"<p>Geflochten &#8211; 6mm. Das geflochtene Elastik ist ein beliebtes Allzweck-Elastik, da es stark und langlebig ist. Es wird haupts\u00e4chlich mit Stoffh\u00fcllen verwendet, kann aber auch f\u00fcr Badebekleidung verwendet werden.<\/p>\n","protected":false},"excerpt":{"rendered":"<p>Geflochten &#8211; 6mm. Das geflochtene Elastik ist ein beliebtes Allzweck-Elastik, da es stark und langlebig ist. Es wird haupts\u00e4chlich mit Stoffh\u00fcllen verwendet, kann aber auch f\u00fcr Badebekleidung verwendet werden.<\/p>\n","protected":false},"featured_media":14115,"template":"","meta":{"om_disable_all_campaigns":false,"_mi_skip_tracking":false},"product_cat":[12337],"product_tag":[12336],"aioseo_notices":[],"_links":{"self":[{"href":"https:\/\/hemlinegreen.com\/de\/wp-json\/wp\/v2\/product\/18529"}],"collection":[{"href":"https:\/\/hemlinegreen.com\/de\/wp-json\/wp\/v2\/product"}],"about":[{"href":"https:\/\/hemlinegreen.com\/de\/wp-json\/wp\/v2\/types\/product"}],"wp:featuredmedia":[{"embeddable":true,"href":"https:\/\/hemlinegreen.com\/de\/wp-json\/wp\/v2\/media\/14115"}],"wp:attachment":[{"href":"https:\/\/hemlinegreen.com\/de\/wp-json\/wp\/v2\/media?parent=18529"}],"wp:term":[{"taxonomy":"product_cat","embeddable":true,"href":"https:\/\/hemlinegreen.com\/de\/wp-json\/wp\/v2\/product_cat?post=18529"},{"taxonomy":"product_tag","embeddable":true,"href":"https:\/\/hemlinegreen.com\/de\/wp-json\/wp\/v2\/product_tag?post=18529"}],"curies":[{"name":"wp","href":"https:\/\/api.w.org\/{rel}","templated":true}]}}