{"id":18570,"date":"2023-01-27T18:07:24","date_gmt":"2023-01-27T10:07:24","guid":{"rendered":"https:\/\/hemlinegreen.com\/de\/product\/vlies\/"},"modified":"2023-03-14T14:43:06","modified_gmt":"2023-03-14T06:43:06","slug":"vlies","status":"publish","type":"product","link":"https:\/\/hemlinegreen.com\/de\/product\/vlies\/","title":{"rendered":"Vlies"},"content":{"rendered":"<p>Zum einn\u00e4hen. Festes und stabiles Vlies f\u00fcr schattierte Bereiche in Kleidungsst\u00fccken, Manschetten, Kragen und G\u00fcrteln. Mittlere Festigkeit.<\/p>\n","protected":false},"excerpt":{"rendered":"<p>Zum einn\u00e4hen. Festes und stabiles Vlies f\u00fcr schattierte Bereiche in Kleidungsst\u00fccken, Manschetten, Kragen und G\u00fcrteln. Mittlere Festigkeit.<\/p>\n","protected":false},"featured_media":14197,"template":"","meta":{"om_disable_all_campaigns":false,"_mi_skip_tracking":false},"product_cat":[12379],"product_tag":[12378],"aioseo_notices":[],"_links":{"self":[{"href":"https:\/\/hemlinegreen.com\/de\/wp-json\/wp\/v2\/product\/18570"}],"collection":[{"href":"https:\/\/hemlinegreen.com\/de\/wp-json\/wp\/v2\/product"}],"about":[{"href":"https:\/\/hemlinegreen.com\/de\/wp-json\/wp\/v2\/types\/product"}],"wp:featuredmedia":[{"embeddable":true,"href":"https:\/\/hemlinegreen.com\/de\/wp-json\/wp\/v2\/media\/14197"}],"wp:attachment":[{"href":"https:\/\/hemlinegreen.com\/de\/wp-json\/wp\/v2\/media?parent=18570"}],"wp:term":[{"taxonomy":"product_cat","embeddable":true,"href":"https:\/\/hemlinegreen.com\/de\/wp-json\/wp\/v2\/product_cat?post=18570"},{"taxonomy":"product_tag","embeddable":true,"href":"https:\/\/hemlinegreen.com\/de\/wp-json\/wp\/v2\/product_tag?post=18570"}],"curies":[{"name":"wp","href":"https:\/\/api.w.org\/{rel}","templated":true}]}}