{"id":18589,"date":"2023-01-27T18:07:39","date_gmt":"2023-01-27T10:07:39","guid":{"rendered":"https:\/\/hemlinegreen.com\/de\/product\/maschenmarkierer\/"},"modified":"2023-03-14T14:43:09","modified_gmt":"2023-03-14T06:43:09","slug":"maschenmarkierer","status":"publish","type":"product","link":"https:\/\/hemlinegreen.com\/de\/product\/maschenmarkierer\/","title":{"rendered":"Maschenmarkierer"},"content":{"rendered":"<p>Markierer f\u00fcr Strickund H\u00e4kelarbeiten. Strick- oder H\u00e4kelmasche markieren, ohne herauszugleiten. Kennzeichnung<br \/>\nder Ab- oder Zunamen oder Anfang und Ende des Strickmusters.<\/p>\n","protected":false},"excerpt":{"rendered":"<p>Markierer f\u00fcr Strickund H\u00e4kelarbeiten. Strick- oder H\u00e4kelmasche markieren, ohne herauszugleiten. Kennzeichnung der Ab- oder Zunamen oder Anfang und Ende des Strickmusters.<\/p>\n","protected":false},"featured_media":14235,"template":"","meta":{"om_disable_all_campaigns":false,"_mi_skip_tracking":false},"product_cat":[12397],"product_tag":[12403],"aioseo_notices":[],"_links":{"self":[{"href":"https:\/\/hemlinegreen.com\/de\/wp-json\/wp\/v2\/product\/18589"}],"collection":[{"href":"https:\/\/hemlinegreen.com\/de\/wp-json\/wp\/v2\/product"}],"about":[{"href":"https:\/\/hemlinegreen.com\/de\/wp-json\/wp\/v2\/types\/product"}],"wp:featuredmedia":[{"embeddable":true,"href":"https:\/\/hemlinegreen.com\/de\/wp-json\/wp\/v2\/media\/14235"}],"wp:attachment":[{"href":"https:\/\/hemlinegreen.com\/de\/wp-json\/wp\/v2\/media?parent=18589"}],"wp:term":[{"taxonomy":"product_cat","embeddable":true,"href":"https:\/\/hemlinegreen.com\/de\/wp-json\/wp\/v2\/product_cat?post=18589"},{"taxonomy":"product_tag","embeddable":true,"href":"https:\/\/hemlinegreen.com\/de\/wp-json\/wp\/v2\/product_tag?post=18589"}],"curies":[{"name":"wp","href":"https:\/\/api.w.org\/{rel}","templated":true}]}}