{"id":18592,"date":"2023-01-27T18:07:40","date_gmt":"2023-01-27T10:07:40","guid":{"rendered":"https:\/\/hemlinegreen.com\/de\/product\/stoffkamm\/"},"modified":"2023-03-14T14:43:09","modified_gmt":"2023-03-14T06:43:09","slug":"stoffkamm","status":"publish","type":"product","link":"https:\/\/hemlinegreen.com\/de\/product\/stoffkamm\/","title":{"rendered":"Stoffkamm"},"content":{"rendered":"<p>Zum Entfernen von Pilling, Kn\u00f6tchen und Fusseln von Kleidungsst\u00fccken. Am besten geeignet f\u00fcr mittelschwere<br \/>\nbis schwere Stoffe.<\/p>\n","protected":false},"excerpt":{"rendered":"<p>Zum Entfernen von Pilling, Kn\u00f6tchen und Fusseln von Kleidungsst\u00fccken. Am besten geeignet f\u00fcr mittelschwere bis schwere Stoffe.<\/p>\n","protected":false},"featured_media":14241,"template":"","meta":{"om_disable_all_campaigns":false,"_mi_skip_tracking":false},"product_cat":[12407],"product_tag":[12406],"aioseo_notices":[],"_links":{"self":[{"href":"https:\/\/hemlinegreen.com\/de\/wp-json\/wp\/v2\/product\/18592"}],"collection":[{"href":"https:\/\/hemlinegreen.com\/de\/wp-json\/wp\/v2\/product"}],"about":[{"href":"https:\/\/hemlinegreen.com\/de\/wp-json\/wp\/v2\/types\/product"}],"wp:featuredmedia":[{"embeddable":true,"href":"https:\/\/hemlinegreen.com\/de\/wp-json\/wp\/v2\/media\/14241"}],"wp:attachment":[{"href":"https:\/\/hemlinegreen.com\/de\/wp-json\/wp\/v2\/media?parent=18592"}],"wp:term":[{"taxonomy":"product_cat","embeddable":true,"href":"https:\/\/hemlinegreen.com\/de\/wp-json\/wp\/v2\/product_cat?post=18592"},{"taxonomy":"product_tag","embeddable":true,"href":"https:\/\/hemlinegreen.com\/de\/wp-json\/wp\/v2\/product_tag?post=18592"}],"curies":[{"name":"wp","href":"https:\/\/api.w.org\/{rel}","templated":true}]}}