{"id":18594,"date":"2023-01-27T18:07:41","date_gmt":"2023-01-27T10:07:41","guid":{"rendered":"https:\/\/hemlinegreen.com\/de\/product\/revolver-lochzange\/"},"modified":"2023-03-14T14:43:09","modified_gmt":"2023-03-14T06:43:09","slug":"893","status":"publish","type":"product","link":"https:\/\/hemlinegreen.com\/de\/product\/893\/","title":{"rendered":"Revolver Lochzange"},"content":{"rendered":"<p>Geeignet f\u00fcr Leder, Vinyl und die meisten Bastelmaterialien. Zum Stanzen von L\u00f6chern in G\u00fcrteltaschen etc.<\/p>\n","protected":false},"excerpt":{"rendered":"<p>Geeignet f\u00fcr Leder, Vinyl und die meisten Bastelmaterialien. Zum Stanzen von L\u00f6chern in G\u00fcrteltaschen etc.<\/p>\n","protected":false},"featured_media":14245,"template":"","meta":{"om_disable_all_campaigns":false,"_mi_skip_tracking":false},"product_cat":[12409],"product_tag":[12408],"aioseo_notices":[],"_links":{"self":[{"href":"https:\/\/hemlinegreen.com\/de\/wp-json\/wp\/v2\/product\/18594"}],"collection":[{"href":"https:\/\/hemlinegreen.com\/de\/wp-json\/wp\/v2\/product"}],"about":[{"href":"https:\/\/hemlinegreen.com\/de\/wp-json\/wp\/v2\/types\/product"}],"wp:featuredmedia":[{"embeddable":true,"href":"https:\/\/hemlinegreen.com\/de\/wp-json\/wp\/v2\/media\/14245"}],"wp:attachment":[{"href":"https:\/\/hemlinegreen.com\/de\/wp-json\/wp\/v2\/media?parent=18594"}],"wp:term":[{"taxonomy":"product_cat","embeddable":true,"href":"https:\/\/hemlinegreen.com\/de\/wp-json\/wp\/v2\/product_cat?post=18594"},{"taxonomy":"product_tag","embeddable":true,"href":"https:\/\/hemlinegreen.com\/de\/wp-json\/wp\/v2\/product_tag?post=18594"}],"curies":[{"name":"wp","href":"https:\/\/api.w.org\/{rel}","templated":true}]}}