{"id":18623,"date":"2023-01-27T18:07:59","date_gmt":"2023-01-27T10:07:59","guid":{"rendered":"https:\/\/hemlinegreen.com\/de\/product\/led-nadeleinfadler\/"},"modified":"2023-03-14T14:43:16","modified_gmt":"2023-03-14T06:43:16","slug":"led-nadeleinfadler","status":"publish","type":"product","link":"https:\/\/hemlinegreen.com\/de\/product\/led-nadeleinfadler\/","title":{"rendered":"LED-Nadeleinf\u00e4dler"},"content":{"rendered":"<p>Dr\u00fccken Sie den Schieberegler nach oben, um den Nadeleinf\u00e4dlerdraht freizulegen und das LED-Licht einzuschalten. Verwenden Sie den seitlich angebrachten Fadenschneider, um den Faden abzuschneiden.<\/p>\n","protected":false},"excerpt":{"rendered":"<p>Dr\u00fccken Sie den Schieberegler nach oben, um den Nadeleinf\u00e4dlerdraht freizulegen und das LED-Licht einzuschalten. Verwenden Sie den seitlich angebrachten Fadenschneider, um den Faden abzuschneiden.<\/p>\n","protected":false},"featured_media":14273,"template":"","meta":{"om_disable_all_campaigns":false,"_mi_skip_tracking":false},"product_cat":[12441],"product_tag":[12440],"aioseo_notices":[],"_links":{"self":[{"href":"https:\/\/hemlinegreen.com\/de\/wp-json\/wp\/v2\/product\/18623"}],"collection":[{"href":"https:\/\/hemlinegreen.com\/de\/wp-json\/wp\/v2\/product"}],"about":[{"href":"https:\/\/hemlinegreen.com\/de\/wp-json\/wp\/v2\/types\/product"}],"wp:featuredmedia":[{"embeddable":true,"href":"https:\/\/hemlinegreen.com\/de\/wp-json\/wp\/v2\/media\/14273"}],"wp:attachment":[{"href":"https:\/\/hemlinegreen.com\/de\/wp-json\/wp\/v2\/media?parent=18623"}],"wp:term":[{"taxonomy":"product_cat","embeddable":true,"href":"https:\/\/hemlinegreen.com\/de\/wp-json\/wp\/v2\/product_cat?post=18623"},{"taxonomy":"product_tag","embeddable":true,"href":"https:\/\/hemlinegreen.com\/de\/wp-json\/wp\/v2\/product_tag?post=18623"}],"curies":[{"name":"wp","href":"https:\/\/api.w.org\/{rel}","templated":true}]}}