{"id":18690,"date":"2023-01-27T18:08:37","date_gmt":"2023-01-27T10:08:37","guid":{"rendered":"https:\/\/hemlinegreen.com\/de\/product\/werkzeug-set-osen-typ-d\/"},"modified":"2023-03-14T14:43:27","modified_gmt":"2023-03-14T06:43:27","slug":"439p-5","status":"publish","type":"product","link":"https:\/\/hemlinegreen.com\/de\/product\/439p-5\/","title":{"rendered":"Werkzeug Set \u00d6sen Typ D"},"content":{"rendered":"<p>Werkzeug Typ D f\u00fcr 438R, 5.5 mm \u00d6sen<\/p>\n","protected":false},"excerpt":{"rendered":"<p>Werkzeug Typ D f\u00fcr 438R, 5.5 mm \u00d6sen<\/p>\n","protected":false},"featured_media":14407,"template":"","meta":{"om_disable_all_campaigns":false,"_mi_skip_tracking":false},"product_cat":[12313],"product_tag":[12468],"aioseo_notices":[],"_links":{"self":[{"href":"https:\/\/hemlinegreen.com\/de\/wp-json\/wp\/v2\/product\/18690"}],"collection":[{"href":"https:\/\/hemlinegreen.com\/de\/wp-json\/wp\/v2\/product"}],"about":[{"href":"https:\/\/hemlinegreen.com\/de\/wp-json\/wp\/v2\/types\/product"}],"wp:featuredmedia":[{"embeddable":true,"href":"https:\/\/hemlinegreen.com\/de\/wp-json\/wp\/v2\/media\/14407"}],"wp:attachment":[{"href":"https:\/\/hemlinegreen.com\/de\/wp-json\/wp\/v2\/media?parent=18690"}],"wp:term":[{"taxonomy":"product_cat","embeddable":true,"href":"https:\/\/hemlinegreen.com\/de\/wp-json\/wp\/v2\/product_cat?post=18690"},{"taxonomy":"product_tag","embeddable":true,"href":"https:\/\/hemlinegreen.com\/de\/wp-json\/wp\/v2\/product_tag?post=18690"}],"curies":[{"name":"wp","href":"https:\/\/api.w.org\/{rel}","templated":true}]}}