{"id":18717,"date":"2023-01-27T18:08:50","date_gmt":"2023-01-27T10:08:50","guid":{"rendered":"https:\/\/hemlinegreen.com\/de\/product\/gurtelschnallen-2\/"},"modified":"2023-03-14T14:43:32","modified_gmt":"2023-03-14T06:43:32","slug":"gurtelschnallen-2","status":"publish","type":"product","link":"https:\/\/hemlinegreen.com\/de\/product\/gurtelschnallen-2\/","title":{"rendered":"G\u00fcrtelschnallen"},"content":{"rendered":"<p>Aus Stahl. Einfach zu verwendender Verschluss f\u00fcr G\u00fcrtel und andere dekorative Verschl\u00fcsse. F\u00fcr Riemen 25 mm. Nur abwischen.<\/p>\n","protected":false},"excerpt":{"rendered":"<p>Aus Stahl. Einfach zu verwendender Verschluss f\u00fcr G\u00fcrtel und andere dekorative Verschl\u00fcsse. F\u00fcr Riemen 25 mm. Nur abwischen.<\/p>\n","protected":false},"featured_media":14461,"template":"","meta":{"om_disable_all_campaigns":false,"_mi_skip_tracking":false},"product_cat":[12198],"product_tag":[12477],"aioseo_notices":[],"_links":{"self":[{"href":"https:\/\/hemlinegreen.com\/de\/wp-json\/wp\/v2\/product\/18717"}],"collection":[{"href":"https:\/\/hemlinegreen.com\/de\/wp-json\/wp\/v2\/product"}],"about":[{"href":"https:\/\/hemlinegreen.com\/de\/wp-json\/wp\/v2\/types\/product"}],"wp:featuredmedia":[{"embeddable":true,"href":"https:\/\/hemlinegreen.com\/de\/wp-json\/wp\/v2\/media\/14461"}],"wp:attachment":[{"href":"https:\/\/hemlinegreen.com\/de\/wp-json\/wp\/v2\/media?parent=18717"}],"wp:term":[{"taxonomy":"product_cat","embeddable":true,"href":"https:\/\/hemlinegreen.com\/de\/wp-json\/wp\/v2\/product_cat?post=18717"},{"taxonomy":"product_tag","embeddable":true,"href":"https:\/\/hemlinegreen.com\/de\/wp-json\/wp\/v2\/product_tag?post=18717"}],"curies":[{"name":"wp","href":"https:\/\/api.w.org\/{rel}","templated":true}]}}