{"id":18729,"date":"2023-01-27T18:09:02","date_gmt":"2023-01-27T10:09:02","guid":{"rendered":"https:\/\/hemlinegreen.com\/de\/product\/bh-zubehor\/"},"modified":"2023-03-14T14:43:33","modified_gmt":"2023-03-14T06:43:33","slug":"bh-zubehor","status":"publish","type":"product","link":"https:\/\/hemlinegreen.com\/de\/product\/bh-zubehor\/","title":{"rendered":"BH-Zubeh\u00f6r"},"content":{"rendered":"<p>Verschiedene BH-Haken und -Verschl\u00fcsse f\u00fcr 12-mm-BH-Tr\u00e4ger. Transparent f\u00fcr jede Farbe geeignet.<\/p>\n","protected":false},"excerpt":{"rendered":"<p>Verschiedene BH-Haken und -Verschl\u00fcsse f\u00fcr 12-mm-BH-Tr\u00e4ger. Transparent f\u00fcr jede Farbe geeignet.<\/p>\n","protected":false},"featured_media":14485,"template":"","meta":{"om_disable_all_campaigns":false,"_mi_skip_tracking":false},"product_cat":[12318],"product_tag":[12482],"aioseo_notices":[],"_links":{"self":[{"href":"https:\/\/hemlinegreen.com\/de\/wp-json\/wp\/v2\/product\/18729"}],"collection":[{"href":"https:\/\/hemlinegreen.com\/de\/wp-json\/wp\/v2\/product"}],"about":[{"href":"https:\/\/hemlinegreen.com\/de\/wp-json\/wp\/v2\/types\/product"}],"wp:featuredmedia":[{"embeddable":true,"href":"https:\/\/hemlinegreen.com\/de\/wp-json\/wp\/v2\/media\/14485"}],"wp:attachment":[{"href":"https:\/\/hemlinegreen.com\/de\/wp-json\/wp\/v2\/media?parent=18729"}],"wp:term":[{"taxonomy":"product_cat","embeddable":true,"href":"https:\/\/hemlinegreen.com\/de\/wp-json\/wp\/v2\/product_cat?post=18729"},{"taxonomy":"product_tag","embeddable":true,"href":"https:\/\/hemlinegreen.com\/de\/wp-json\/wp\/v2\/product_tag?post=18729"}],"curies":[{"name":"wp","href":"https:\/\/api.w.org\/{rel}","templated":true}]}}