{"id":18733,"date":"2023-01-27T18:09:05","date_gmt":"2023-01-27T10:09:05","guid":{"rendered":"https:\/\/hemlinegreen.com\/de\/product\/fit-clip\/"},"modified":"2023-03-14T14:43:33","modified_gmt":"2023-03-14T06:43:33","slug":"fit-clip","status":"publish","type":"product","link":"https:\/\/hemlinegreen.com\/de\/product\/fit-clip\/","title":{"rendered":"Fit Clip"},"content":{"rendered":"<p>Hilft Ihrer Kleidung besser zu passen. Einfach zu verwenden. Ansteckbar. Strapazierf\u00e4higes Elastik verzerrt oder \u00fcberdehnt sich nicht. Geeignet f\u00fcr Kleider, Jacken, Pullover oder Hemden.<\/p>\n","protected":false},"excerpt":{"rendered":"<p>Hilft Ihrer Kleidung besser zu passen. Einfach zu verwenden. Ansteckbar. Strapazierf\u00e4higes Elastik verzerrt oder \u00fcberdehnt sich nicht. Geeignet f\u00fcr Kleider, Jacken, Pullover oder Hemden.<\/p>\n","protected":false},"featured_media":14493,"template":"","meta":{"om_disable_all_campaigns":false,"_mi_skip_tracking":false},"product_cat":[12318],"product_tag":[12484],"aioseo_notices":[],"_links":{"self":[{"href":"https:\/\/hemlinegreen.com\/de\/wp-json\/wp\/v2\/product\/18733"}],"collection":[{"href":"https:\/\/hemlinegreen.com\/de\/wp-json\/wp\/v2\/product"}],"about":[{"href":"https:\/\/hemlinegreen.com\/de\/wp-json\/wp\/v2\/types\/product"}],"wp:featuredmedia":[{"embeddable":true,"href":"https:\/\/hemlinegreen.com\/de\/wp-json\/wp\/v2\/media\/14493"}],"wp:attachment":[{"href":"https:\/\/hemlinegreen.com\/de\/wp-json\/wp\/v2\/media?parent=18733"}],"wp:term":[{"taxonomy":"product_cat","embeddable":true,"href":"https:\/\/hemlinegreen.com\/de\/wp-json\/wp\/v2\/product_cat?post=18733"},{"taxonomy":"product_tag","embeddable":true,"href":"https:\/\/hemlinegreen.com\/de\/wp-json\/wp\/v2\/product_tag?post=18733"}],"curies":[{"name":"wp","href":"https:\/\/api.w.org\/{rel}","templated":true}]}}