{"id":18806,"date":"2023-01-27T18:09:49","date_gmt":"2023-01-27T10:09:49","guid":{"rendered":"https:\/\/hemlinegreen.com\/de\/product\/premium-zackenschere\/"},"modified":"2023-03-14T14:43:49","modified_gmt":"2023-03-14T06:43:49","slug":"premium-zackenschere","status":"publish","type":"product","link":"https:\/\/hemlinegreen.com\/de\/product\/premium-zackenschere\/","title":{"rendered":"Premium Zackenschere"},"content":{"rendered":"<p>23,5 cm \/ 9,25\u201d Premium Zackenschere. Hochwertige und langlebige Zackenschere. Pr\u00e4sentiert in einem ansprechenden, \u00fcbersichtlichen Thekendisplay aus Acryl. Farben: Grau, Gr\u00fcn, Rot.<\/p>\n","protected":false},"excerpt":{"rendered":"<p>23,5 cm \/ 9,25\u201d Premium Zackenschere. Hochwertige und langlebige Zackenschere. Pr\u00e4sentiert in einem ansprechenden, \u00fcbersichtlichen Thekendisplay aus Acryl. Farben: Grau, Gr\u00fcn, Rot.<\/p>\n","protected":false},"featured_media":14707,"template":"","meta":{"om_disable_all_campaigns":false,"_mi_skip_tracking":false},"product_cat":[12529],"product_tag":[12528],"aioseo_notices":[],"_links":{"self":[{"href":"https:\/\/hemlinegreen.com\/de\/wp-json\/wp\/v2\/product\/18806"}],"collection":[{"href":"https:\/\/hemlinegreen.com\/de\/wp-json\/wp\/v2\/product"}],"about":[{"href":"https:\/\/hemlinegreen.com\/de\/wp-json\/wp\/v2\/types\/product"}],"wp:featuredmedia":[{"embeddable":true,"href":"https:\/\/hemlinegreen.com\/de\/wp-json\/wp\/v2\/media\/14707"}],"wp:attachment":[{"href":"https:\/\/hemlinegreen.com\/de\/wp-json\/wp\/v2\/media?parent=18806"}],"wp:term":[{"taxonomy":"product_cat","embeddable":true,"href":"https:\/\/hemlinegreen.com\/de\/wp-json\/wp\/v2\/product_cat?post=18806"},{"taxonomy":"product_tag","embeddable":true,"href":"https:\/\/hemlinegreen.com\/de\/wp-json\/wp\/v2\/product_tag?post=18806"}],"curies":[{"name":"wp","href":"https:\/\/api.w.org\/{rel}","templated":true}]}}