{"id":18825,"date":"2023-01-27T18:10:05","date_gmt":"2023-01-27T10:10:05","guid":{"rendered":"https:\/\/hemlinegreen.com\/de\/product\/papier-bastelwerkzeug\/"},"modified":"2023-03-14T14:43:52","modified_gmt":"2023-03-14T06:43:52","slug":"papier-bastelwerkzeug","status":"publish","type":"product","link":"https:\/\/hemlinegreen.com\/de\/product\/papier-bastelwerkzeug\/","title":{"rendered":"Papier Bastelwerkzeug"},"content":{"rendered":"<p>Ideal f\u00fcr Papier, Patchwork und Applikationen. 1. Einfaches \u00d6ffnen von N\u00e4hten ohne B\u00fcgeleisen. 2. Markiert unsichtbare Faltenlinien auf Stoffen, wenn Stifte nicht geeignet sind. 3. Wird f\u00fcr Quilt-, Applikationsund N\u00e4hprojekte verwendet. 4. Bequem und einfach zu bedienen, Vertiefung zum Platzieren der Finger, aus<br \/>\nstrapazierf\u00e4higem Kunststoff.<\/p>\n","protected":false},"excerpt":{"rendered":"<p>Ideal f\u00fcr Papier, Patchwork und Applikationen. 1. Einfaches \u00d6ffnen von N\u00e4hten ohne B\u00fcgeleisen. 2. Markiert unsichtbare Faltenlinien auf Stoffen, wenn Stifte nicht geeignet sind. 3. Wird f\u00fcr Quilt-, Applikationsund N\u00e4hprojekte verwendet. 4. Bequem und einfach zu bedienen, Vertiefung zum Platzieren der Finger, aus strapazierf\u00e4higem Kunststoff.<\/p>\n","protected":false},"featured_media":14649,"template":"","meta":{"om_disable_all_campaigns":false,"_mi_skip_tracking":false},"product_cat":[12552],"product_tag":[12551],"aioseo_notices":[],"_links":{"self":[{"href":"https:\/\/hemlinegreen.com\/de\/wp-json\/wp\/v2\/product\/18825"}],"collection":[{"href":"https:\/\/hemlinegreen.com\/de\/wp-json\/wp\/v2\/product"}],"about":[{"href":"https:\/\/hemlinegreen.com\/de\/wp-json\/wp\/v2\/types\/product"}],"wp:featuredmedia":[{"embeddable":true,"href":"https:\/\/hemlinegreen.com\/de\/wp-json\/wp\/v2\/media\/14649"}],"wp:attachment":[{"href":"https:\/\/hemlinegreen.com\/de\/wp-json\/wp\/v2\/media?parent=18825"}],"wp:term":[{"taxonomy":"product_cat","embeddable":true,"href":"https:\/\/hemlinegreen.com\/de\/wp-json\/wp\/v2\/product_cat?post=18825"},{"taxonomy":"product_tag","embeddable":true,"href":"https:\/\/hemlinegreen.com\/de\/wp-json\/wp\/v2\/product_tag?post=18825"}],"curies":[{"name":"wp","href":"https:\/\/api.w.org\/{rel}","templated":true}]}}