{"id":18839,"date":"2023-01-27T18:10:11","date_gmt":"2023-01-27T10:10:11","guid":{"rendered":"https:\/\/hemlinegreen.com\/de\/product\/nah-organizer\/"},"modified":"2023-03-14T14:43:55","modified_gmt":"2023-03-14T06:43:55","slug":"m3021-set","status":"publish","type":"product","link":"https:\/\/hemlinegreen.com\/de\/product\/m3021-set\/","title":{"rendered":"N\u00e4h-Organizer"},"content":{"rendered":"<p>Zur Aufbewahrung von N\u00e4hutensilien, F\u00e4den, Kn\u00f6pfe, Bastelzubeh\u00f6r usw. Handlicher Griff. Sichere Verschl\u00fcsse. Mehrschichtiges Lagersystem. Klick- und Stapelsystem.<\/p>\n","protected":false},"excerpt":{"rendered":"<p>Zur Aufbewahrung von N\u00e4hutensilien, F\u00e4den, Kn\u00f6pfe, Bastelzubeh\u00f6r usw. Handlicher Griff. Sichere Verschl\u00fcsse. Mehrschichtiges Lagersystem. Klick- und Stapelsystem.<\/p>\n","protected":false},"featured_media":14677,"template":"","meta":{"om_disable_all_campaigns":false,"_mi_skip_tracking":false},"product_cat":[12573],"product_tag":[12572],"aioseo_notices":[],"_links":{"self":[{"href":"https:\/\/hemlinegreen.com\/de\/wp-json\/wp\/v2\/product\/18839"}],"collection":[{"href":"https:\/\/hemlinegreen.com\/de\/wp-json\/wp\/v2\/product"}],"about":[{"href":"https:\/\/hemlinegreen.com\/de\/wp-json\/wp\/v2\/types\/product"}],"wp:featuredmedia":[{"embeddable":true,"href":"https:\/\/hemlinegreen.com\/de\/wp-json\/wp\/v2\/media\/14677"}],"wp:attachment":[{"href":"https:\/\/hemlinegreen.com\/de\/wp-json\/wp\/v2\/media?parent=18839"}],"wp:term":[{"taxonomy":"product_cat","embeddable":true,"href":"https:\/\/hemlinegreen.com\/de\/wp-json\/wp\/v2\/product_cat?post=18839"},{"taxonomy":"product_tag","embeddable":true,"href":"https:\/\/hemlinegreen.com\/de\/wp-json\/wp\/v2\/product_tag?post=18839"}],"curies":[{"name":"wp","href":"https:\/\/api.w.org\/{rel}","templated":true}]}}