{"id":18984,"date":"2023-04-20T12:20:52","date_gmt":"2023-04-20T04:20:52","guid":{"rendered":"https:\/\/hemlinegreen.com\/de\/?post_type=product&#038;p=18984"},"modified":"2023-04-25T09:59:44","modified_gmt":"2023-04-25T01:59:44","slug":"244-r","status":"publish","type":"product","link":"https:\/\/hemlinegreen.com\/de\/product\/244-r\/","title":{"rendered":"Kreiderad Nachf\u00fcllung"},"content":{"rendered":"<p>Kreiderad-Nachf\u00fcllpackung f\u00fcr automatisches Kreiderad (Artikel 244).<\/p>\n","protected":false},"excerpt":{"rendered":"<p>Kreiderad-Nachf\u00fcllpackung f\u00fcr automatisches Kreiderad (Artikel 244).<\/p>\n","protected":false},"featured_media":18985,"template":"","meta":{"om_disable_all_campaigns":false,"_mi_skip_tracking":false},"product_cat":[12248],"product_tag":[12247],"aioseo_notices":[],"_links":{"self":[{"href":"https:\/\/hemlinegreen.com\/de\/wp-json\/wp\/v2\/product\/18984"}],"collection":[{"href":"https:\/\/hemlinegreen.com\/de\/wp-json\/wp\/v2\/product"}],"about":[{"href":"https:\/\/hemlinegreen.com\/de\/wp-json\/wp\/v2\/types\/product"}],"wp:featuredmedia":[{"embeddable":true,"href":"https:\/\/hemlinegreen.com\/de\/wp-json\/wp\/v2\/media\/18985"}],"wp:attachment":[{"href":"https:\/\/hemlinegreen.com\/de\/wp-json\/wp\/v2\/media?parent=18984"}],"wp:term":[{"taxonomy":"product_cat","embeddable":true,"href":"https:\/\/hemlinegreen.com\/de\/wp-json\/wp\/v2\/product_cat?post=18984"},{"taxonomy":"product_tag","embeddable":true,"href":"https:\/\/hemlinegreen.com\/de\/wp-json\/wp\/v2\/product_tag?post=18984"}],"curies":[{"name":"wp","href":"https:\/\/api.w.org\/{rel}","templated":true}]}}