{"id":19025,"date":"2023-04-24T14:45:55","date_gmt":"2023-04-24T06:45:55","guid":{"rendered":"https:\/\/hemlinegreen.com\/de\/?post_type=product&#038;p=19025"},"modified":"2023-04-24T14:54:06","modified_gmt":"2023-04-24T06:54:06","slug":"353-f-rg-db","status":"publish","type":"product","link":"https:\/\/hemlinegreen.com\/de\/product\/353-f-rg-db\/","title":{"rendered":"Klappschere Rose Gold"},"content":{"rendered":"<p>10 cm \/ 3,9 Zoll gro\u00dfe Klappschere aus Metall. Kompaktes Taschenformat, praktisch f\u00fcr unterwegs. Sicher und einfach zu bedienen. Praktisch f\u00fcr schnelles Trimmen und Reparieren.<\/p>\n","protected":false},"excerpt":{"rendered":"<p>10 cm \/ 3,9 Zoll gro\u00dfe Klappschere aus Metall. Kompaktes Taschenformat, praktisch f\u00fcr unterwegs. Sicher und einfach zu bedienen. Praktisch f\u00fcr schnelles Trimmen und Reparieren.<\/p>\n","protected":false},"featured_media":19012,"template":"","meta":{"om_disable_all_campaigns":false,"_mi_skip_tracking":false},"product_cat":[12428],"product_tag":[],"aioseo_notices":[],"_links":{"self":[{"href":"https:\/\/hemlinegreen.com\/de\/wp-json\/wp\/v2\/product\/19025"}],"collection":[{"href":"https:\/\/hemlinegreen.com\/de\/wp-json\/wp\/v2\/product"}],"about":[{"href":"https:\/\/hemlinegreen.com\/de\/wp-json\/wp\/v2\/types\/product"}],"wp:featuredmedia":[{"embeddable":true,"href":"https:\/\/hemlinegreen.com\/de\/wp-json\/wp\/v2\/media\/19012"}],"wp:attachment":[{"href":"https:\/\/hemlinegreen.com\/de\/wp-json\/wp\/v2\/media?parent=19025"}],"wp:term":[{"taxonomy":"product_cat","embeddable":true,"href":"https:\/\/hemlinegreen.com\/de\/wp-json\/wp\/v2\/product_cat?post=19025"},{"taxonomy":"product_tag","embeddable":true,"href":"https:\/\/hemlinegreen.com\/de\/wp-json\/wp\/v2\/product_tag?post=19025"}],"curies":[{"name":"wp","href":"https:\/\/api.w.org\/{rel}","templated":true}]}}